{"id":31158,"date":"2025-05-07T13:34:55","date_gmt":"2025-05-07T10:34:55","guid":{"rendered":"https:\/\/adomena.com\/urun\/ado-150"},"modified":"2025-10-01T17:04:36","modified_gmt":"2025-10-01T14:04:36","slug":"ado-150","status":"publish","type":"product","link":"https:\/\/adomena.com\/fr\/produit\/ado-150\/","title":{"rendered":"ADO 150"},"content":{"rendered":"<p><strong>Ceinture : <\/strong>Il est obtenu en utilisant une feuille de PVC de 2 mm recouverte d&#039;une feuille de PVC Adofilm de 0,2 mm sur une structure int\u00e9rieure en bois. Le remplissage int\u00e9rieur peut \u00eatre r\u00e9alis\u00e9 avec du nid d&#039;abeille kraft ou de l&#039;agglom\u00e9r\u00e9 semi-solide.<\/p>\n<p><strong>Cadre et corniche : <\/strong> Fabriqu\u00e9es en composite de bois (CRP) et recouvertes d&#039;une feuille PVC Adofilm avec une colle PU (polyur\u00e9thane) de haute qualit\u00e9 E1, les corniches sont r\u00e9glables pour une fixation au cadre des deux c\u00f4t\u00e9s.<\/p>\n<p><img decoding=\"async\" class=\"alignleft wp-image-24974\" src=\"https:\/\/adomena.com\/wp-content\/uploads\/2020\/05\/kapi-icon.png\" alt=\"\" width=\"400\" height=\"80\" srcset=\"https:\/\/adomena.com\/wp-content\/uploads\/2020\/05\/kapi-icon.png 1050w, https:\/\/adomena.com\/wp-content\/uploads\/2020\/05\/kapi-icon-600x119.png 600w, https:\/\/adomena.com\/wp-content\/uploads\/2020\/05\/kapi-icon-300x60.png 300w, https:\/\/adomena.com\/wp-content\/uploads\/2020\/05\/kapi-icon-1024x204.png 1024w, https:\/\/adomena.com\/wp-content\/uploads\/2020\/05\/kapi-icon-768x153.png 768w, https:\/\/adomena.com\/wp-content\/uploads\/2020\/05\/kapi-icon-370x74.png 370w, https:\/\/adomena.com\/wp-content\/uploads\/2020\/05\/kapi-icon-840x167.png 840w, https:\/\/adomena.com\/wp-content\/uploads\/2020\/05\/kapi-icon-410x82.png 410w\" sizes=\"(max-width: 600px) 100vw, 400px\" \/><\/p>","protected":false},"excerpt":{"rendered":"<p><strong>Ceinture : <\/strong>Il est obtenu en utilisant une feuille de PVC de 2 mm recouverte d&#039;une feuille de PVC Adofilm de 0,2 mm sur une structure int\u00e9rieure en bois. Le remplissage int\u00e9rieur peut \u00eatre r\u00e9alis\u00e9 avec du nid d&#039;abeille kraft ou de l&#039;agglom\u00e9r\u00e9 semi-solide.<\/p>\n<p><strong>Cadre et corniche : <\/strong> Fabriqu\u00e9es en composite de bois (CRP) et recouvertes d&#039;une feuille PVC Adofilm avec une colle PU (polyur\u00e9thane) de haute qualit\u00e9 E1, les corniches sont r\u00e9glables pour une fixation au cadre des deux c\u00f4t\u00e9s.<\/p>","protected":false},"featured_media":31143,"template":"","meta":{"_acf_changed":false},"product_cat":[327,300],"product_tag":[322],"acf":[],"_links":{"self":[{"href":"https:\/\/adomena.com\/fr\/wp-json\/wp\/v2\/product\/31158"}],"collection":[{"href":"https:\/\/adomena.com\/fr\/wp-json\/wp\/v2\/product"}],"about":[{"href":"https:\/\/adomena.com\/fr\/wp-json\/wp\/v2\/types\/product"}],"wp:featuredmedia":[{"embeddable":true,"href":"https:\/\/adomena.com\/fr\/wp-json\/wp\/v2\/media\/31143"}],"wp:attachment":[{"href":"https:\/\/adomena.com\/fr\/wp-json\/wp\/v2\/media?parent=31158"}],"wp:term":[{"taxonomy":"product_cat","embeddable":true,"href":"https:\/\/adomena.com\/fr\/wp-json\/wp\/v2\/product_cat?post=31158"},{"taxonomy":"product_tag","embeddable":true,"href":"https:\/\/adomena.com\/fr\/wp-json\/wp\/v2\/product_tag?post=31158"}],"curies":[{"name":"wp","href":"https:\/\/api.w.org\/{rel}","templated":true}]}}