{"id":31339,"date":"2025-09-12T11:10:43","date_gmt":"2025-09-12T08:10:43","guid":{"rendered":"https:\/\/adomena.com\/?page_id=31339"},"modified":"2025-10-01T13:46:20","modified_gmt":"2025-10-01T10:46:20","slug":"moules-de-construction","status":"publish","type":"page","link":"https:\/\/adomena.com\/fr\/products-2\/moules-de-construction\/","title":{"rendered":"Moules de construction"},"content":{"rendered":"<div data-elementor-type=\"wp-page\" data-elementor-id=\"31339\" class=\"elementor elementor-31339\" data-elementor-post-type=\"page\">\n\t\t\t\t\t\t\t\t\t<section class=\"elementor-section elementor-top-section elementor-element elementor-element-6226a67 elementor-section-full_width elementor-section-height-default elementor-section-height-default sc_fly_static\" data-id=\"6226a67\" data-element_type=\"section\">\n\t\t\t\t\t\t<div class=\"elementor-container elementor-column-gap-extended\">\n\t\t\t\t\t<div class=\"elementor-column elementor-col-50 elementor-top-column elementor-element elementor-element-dfdae5c sc_inner_width_none sc_content_align_inherit sc_layouts_column_icons_position_left sc_fly_static\" data-id=\"dfdae5c\" data-element_type=\"column\">\n\t\t\t<div class=\"elementor-widget-wrap elementor-element-populated\">\n\t\t\t\t\t\t\t\t<section class=\"elementor-section elementor-inner-section elementor-element elementor-element-34378f1 elementor-section-boxed elementor-section-height-default elementor-section-height-default sc_fly_static\" data-id=\"34378f1\" data-element_type=\"section\">\n\t\t\t\t\t\t<div class=\"elementor-container elementor-column-gap-extended\">\n\t\t\t\t\t<div class=\"elementor-column elementor-col-50 elementor-inner-column elementor-element elementor-element-dc39006 sc_inner_width_none sc_content_align_inherit sc_layouts_column_icons_position_left sc_fly_static\" data-id=\"dc39006\" data-element_type=\"column\">\n\t\t\t<div class=\"elementor-widget-wrap elementor-element-populated\">\n\t\t\t\t\t\t\t\t<div class=\"elementor-element elementor-element-1ffb8fa sc_fly_static elementor-widget elementor-widget-image\" data-id=\"1ffb8fa\" data-element_type=\"widget\" data-widget_type=\"image.default\">\n\t\t\t\t<div class=\"elementor-widget-container\">\n\t\t\t\t\t\t\t\t\t\t\t\t\t\t\t<img decoding=\"async\" width=\"1300\" height=\"860\" src=\"https:\/\/adomena.com\/wp-content\/uploads\/2025\/09\/pladeck.webp\" class=\"attachment-full size-full wp-image-32079\" alt=\"\" srcset=\"https:\/\/adomena.com\/wp-content\/uploads\/2025\/09\/pladeck.webp 1300w, https:\/\/adomena.com\/wp-content\/uploads\/2025\/09\/pladeck-300x198.webp 300w, https:\/\/adomena.com\/wp-content\/uploads\/2025\/09\/pladeck-1024x677.webp 1024w, https:\/\/adomena.com\/wp-content\/uploads\/2025\/09\/pladeck-768x508.webp 768w, https:\/\/adomena.com\/wp-content\/uploads\/2025\/09\/pladeck-18x12.webp 18w, https:\/\/adomena.com\/wp-content\/uploads\/2025\/09\/pladeck-370x245.webp 370w, https:\/\/adomena.com\/wp-content\/uploads\/2025\/09\/pladeck-840x556.webp 840w, https:\/\/adomena.com\/wp-content\/uploads\/2025\/09\/pladeck-410x271.webp 410w, https:\/\/adomena.com\/wp-content\/uploads\/2025\/09\/pladeck-600x397.webp 600w\" sizes=\"(max-width: 1300px) 100vw, 1300px\" \/>\t\t\t\t\t\t\t\t\t\t\t\t\t\t\t<\/div>\n\t\t\t\t<\/div>\n\t\t\t\t\t<\/div>\n\t\t<\/div>\n\t\t\t\t<div class=\"elementor-column elementor-col-50 elementor-inner-column elementor-element elementor-element-e73716d sc_inner_width_none sc_content_align_inherit sc_layouts_column_icons_position_left sc_fly_static\" data-id=\"e73716d\" data-element_type=\"column\">\n\t\t\t<div class=\"elementor-widget-wrap elementor-element-populated\">\n\t\t\t\t\t\t\t\t<div class=\"elementor-element elementor-element-7330228 sc_fly_static elementor-widget elementor-widget-heading\" data-id=\"7330228\" data-element_type=\"widget\" data-widget_type=\"heading.default\">\n\t\t\t\t<div class=\"elementor-widget-container\">\n\t\t\t<p class=\"elementor-heading-title elementor-size-default\">PLADECK<\/p>\t\t<\/div>\n\t\t\t\t<\/div>\n\t\t\t\t<div class=\"elementor-element elementor-element-58c381e sc_fly_static elementor-widget elementor-widget-text-editor\" data-id=\"58c381e\" data-element_type=\"widget\" data-widget_type=\"text-editor.default\">\n\t\t\t\t<div class=\"elementor-widget-container\">\n\t\t\t\t\t\t\t<p>Pladeck associe durabilit\u00e9 et haute performance dans les coffrages de construction. Con\u00e7us et fabriqu\u00e9s avec des techniques avanc\u00e9es, nos coffrages r\u00e9sistent aux conditions de travail les plus exigeantes et am\u00e9liorent l\u2019efficacit\u00e9 de vos projets.<\/p><p>Fabriqu\u00e9es \u00e0 partir de mat\u00e9riaux de haute qualit\u00e9, les solutions Pladeck offrent une utilisation longue dur\u00e9e et des r\u00e9sultats fiables. Gr\u00e2ce \u00e0 leur facilit\u00e9 de montage et \u00e0 leur capacit\u00e9 de r\u00e9utilisation, elles r\u00e9duisent les co\u00fbts tout en constituant une alternative \u00e9cologique gr\u00e2ce \u00e0 une production durable. Pour les projets de construction professionnels recherchant qualit\u00e9 et fiabilit\u00e9, Pladeck est le choix id\u00e9al.<\/p>\t\t\t\t\t\t<\/div>\n\t\t\t\t<\/div>\n\t\t\t\t\t<\/div>\n\t\t<\/div>\n\t\t\t\t\t\t\t<\/div>\n\t\t<\/section>\n\t\t\t\t<div class=\"elementor-element elementor-element-8edc2b3 sc_fly_static elementor-widget elementor-widget-text-editor\" data-id=\"8edc2b3\" data-element_type=\"widget\" data-widget_type=\"text-editor.default\">\n\t\t\t\t<div class=\"elementor-widget-container\">\n\t\t\t\t\t\t\t<p>Gr\u00e2ce \u00e0 leur facilit\u00e9 de montage et \u00e0 leur capacit\u00e9 de r\u00e9utilisation, les coffrages Pladeck acc\u00e9l\u00e8rent vos processus de construction et optimisent vos co\u00fbts. Leur structure ergonomique et leur conception flexible leur permettent de s\u2019adapter \u00e0 diff\u00e9rents projets tout en am\u00e9liorant l\u2019efficacit\u00e9.<\/p><p>Offrant une grande durabilit\u00e9 et une utilisation prolong\u00e9e, les solutions Pladeck garantissent des performances fiables dans des conditions de chantier exigeantes. Avec une production respectueuse de l\u2019environnement, Pladeck repr\u00e9sente une alternative durable et constitue le choix id\u00e9al pour les projets de construction ax\u00e9s sur la qualit\u00e9 et la robustesse.<\/p>\t\t\t\t\t\t<\/div>\n\t\t\t\t<\/div>\n\t\t\t\t<div class=\"elementor-element elementor-element-976f88a renk sc_fly_static elementor-widget elementor-widget-trx_sc_button\" data-id=\"976f88a\" data-element_type=\"widget\" data-widget_type=\"trx_sc_button.default\">\n\t\t\t\t<div class=\"elementor-widget-container\">\n\t\t\t<div\tclass=\"sc_item_button sc_button_wrap sc_align_left\" ><a href=\"https:\/\/www.pladeck.com\/\" class=\"sc_button sc_button_bordered sc_button_size_small sc_button_with_icon sc_button_icon_right color_style_dark\" target=\"_blank\" rel=\"noopener\"><span class=\"sc_button_icon\"><span class=\"icon-arrow-right-alt\"><\/span><\/span><span class=\"sc_button_text\"><span class=\"sc_button_title\">Examiner<\/span><\/span><\/a><\/div>\t\t<\/div>\n\t\t\t\t<\/div>\n\t\t\t\t\t<\/div>\n\t\t<\/div>\n\t\t\t\t<div class=\"elementor-column elementor-col-50 elementor-top-column elementor-element elementor-element-661d196 sc_inner_width_none sc_content_align_inherit sc_layouts_column_icons_position_left sc_fly_static\" data-id=\"661d196\" data-element_type=\"column\">\n\t\t\t<div class=\"elementor-widget-wrap elementor-element-populated\">\n\t\t\t\t\t\t\t\t<section class=\"elementor-section elementor-inner-section elementor-element elementor-element-2cb0af8 elementor-section-full_width elementor-section-height-default elementor-section-height-default sc_fly_static\" data-id=\"2cb0af8\" data-element_type=\"section\">\n\t\t\t\t\t\t<div class=\"elementor-container elementor-column-gap-no\">\n\t\t\t\t\t<div class=\"elementor-column elementor-col-100 elementor-inner-column elementor-element elementor-element-563e9a3 sc_inner_width_none sc_content_align_inherit sc_layouts_column_icons_position_left sc_fly_static\" data-id=\"563e9a3\" data-element_type=\"column\">\n\t\t\t<div class=\"elementor-widget-wrap elementor-element-populated\">\n\t\t\t\t\t\t\t\t<div class=\"sidebar widget_area elementor-element elementor-element-d647835 sc_fly_static elementor-widget elementor-widget-sidebar\" data-id=\"d647835\" data-element_type=\"widget\" data-widget_type=\"sidebar.default\">\n\t\t\t\t<div class=\"elementor-widget-container\">\n\t\t\t<aside class=\"widget widget_text\">\t\t\t<div class=\"textwidget\"><p style=\"color: #02164e; font-size: 20px; font-weight: 600;\">Contactez-nous<\/p>\n\n<div class=\"wpcf7 no-js\" id=\"wpcf7-f27119-o1\" lang=\"en-US\" dir=\"ltr\">\n<div class=\"screen-reader-response\"><p role=\"status\" aria-live=\"polite\" aria-atomic=\"true\"><\/p> <ul><\/ul><\/div>\n<form action=\"\/fr\/wp-json\/wp\/v2\/pages\/31339#wpcf7-f27119-o1\" method=\"post\" class=\"wpcf7-form init\" aria-label=\"Contact form\" novalidate=\"novalidate\" data-status=\"init\" data-trp-original-action=\"\/fr\/wp-json\/wp\/v2\/pages\/31339#wpcf7-f27119-o1\">\n<div style=\"display: none;\">\n<input type=\"hidden\" name=\"_wpcf7\" value=\"27119\" \/>\n<input type=\"hidden\" name=\"_wpcf7_version\" value=\"5.8\" \/>\n<input type=\"hidden\" name=\"_wpcf7_locale\" value=\"en_US\" \/>\n<input type=\"hidden\" name=\"_wpcf7_unit_tag\" value=\"wpcf7-f27119-o1\" \/>\n<input type=\"hidden\" name=\"_wpcf7_container_post\" value=\"0\" \/>\n<input type=\"hidden\" name=\"_wpcf7_posted_data_hash\" value=\"\" \/>\n<\/div>\n<div class=\"form-style-1\">\n\t<div class=\"columns_wrap\">\n\t\t<div class=\"column-1_1\">\n\t\t\t<p><span class=\"style-line icon-name\"><span class=\"wpcf7-form-control-wrap\" data-name=\"your-name\"><input size=\"40\" class=\"wpcf7-form-control wpcf7-text wpcf7-validates-as-required\" aria-required=\"true\" aria-invalid=\"false\" placeholder=\"Nom Pr\u00e9nom\" value=\"\" type=\"text\" name=\"your-name\" \/><\/span><\/span>\n\t\t\t<\/p>\n\t\t<\/div>\n\t\t<div class=\"column-1_1\">\n\t\t\t<p><span class=\"style-line icon-email\"><span class=\"wpcf7-form-control-wrap\" data-name=\"your-email\"><input size=\"40\" class=\"wpcf7-form-control wpcf7-email wpcf7-validates-as-required wpcf7-text wpcf7-validates-as-email\" aria-required=\"true\" aria-invalid=\"false\" placeholder=\"E-mail\" value=\"\" type=\"email\" name=\"your-email\" \/><\/span><\/span>\n\t\t\t<\/p>\n\t\t<\/div>\n\t<\/div>\n\t<div class=\"columns_wrap\">\n\t\t<div class=\"column-1_2\">\n\t\t\t<p><span class=\"style-line icon-location\"><span class=\"wpcf7-form-control-wrap\" data-name=\"city\"><input size=\"40\" class=\"wpcf7-form-control wpcf7-text wpcf7-validates-as-required\" aria-required=\"true\" aria-invalid=\"false\" placeholder=\"Ville\" value=\"\" type=\"text\" name=\"city\" \/><\/span><\/span>\n\t\t\t<\/p>\n\t\t<\/div>\n\t\t<div class=\"column-1_2\">\n\t\t\t<p><span class=\"style-line icon-location\"><span class=\"wpcf7-form-control-wrap\" data-name=\"district\"><input size=\"40\" class=\"wpcf7-form-control wpcf7-text wpcf7-validates-as-required\" aria-required=\"true\" aria-invalid=\"false\" placeholder=\"District\" value=\"\" type=\"text\" name=\"district\" \/><\/span><\/span>\n\t\t\t<\/p>\n\t\t<\/div>\n\t<\/div>\n\t<div class=\"columns_wrap\">\n\t\t<div class=\"column-1_1\">\n\t\t\t<p><span class=\"style-line icon-phone\"><span class=\"wpcf7-form-control-wrap\" data-name=\"phone\"><input size=\"40\" maxlength=\"12\" minlength=\"10\" class=\"wpcf7-form-control wpcf7-tel wpcf7-validates-as-required wpcf7-text wpcf7-validates-as-tel\" aria-required=\"true\" aria-invalid=\"false\" placeholder=\"T\u00e9l\u00e9phone\" value=\"\" type=\"tel\" name=\"phone\" \/><\/span><\/span>\n\t\t\t<\/p>\n\t\t<\/div>\n\t<\/div>\n\t<p><span class=\"wpcf7-form-control-wrap\" data-name=\"acceptance\"><span class=\"wpcf7-form-control wpcf7-acceptance\"><span class=\"wpcf7-list-item\"><label><input type=\"checkbox\" name=\"acceptance\" value=\"1\" aria-invalid=\"false\" \/><span class=\"wpcf7-list-item-label\">J&#039;accepte que mes donn\u00e9es soient <a href=\"\/en\/lppd\/\">collect\u00e9es et stock\u00e9es<\/a>.<\/span><\/label><\/span><\/span><\/span><br \/>\n<input class=\"wpcf7-form-control wpcf7-submit has-spinner\" type=\"submit\" value=\"Soumettre\" \/>\n\t<\/p>\n<\/div><div class=\"wpcf7-response-output\" aria-hidden=\"true\"><\/div>\n<input type=\"hidden\" name=\"trp-form-language\" value=\"fr\"\/><\/form>\n<\/div>\n\n<\/div>\n\t\t<\/aside>\t\t<\/div>\n\t\t\t\t<\/div>\n\t\t\t\t\t<\/div>\n\t\t<\/div>\n\t\t\t\t\t\t\t<\/div>\n\t\t<\/section>\n\t\t\t\t\t<\/div>\n\t\t<\/div>\n\t\t\t\t\t\t\t<\/div>\n\t\t<\/section>\n\t\t\t\t\t\t\t<\/div>","protected":false},"excerpt":{"rendered":"<p>PLADECK Pladeck combines durability and high performance in construction formwork. Designed and manufactured with advanced&hellip;<\/p>","protected":false},"author":1,"featured_media":0,"parent":27408,"menu_order":0,"comment_status":"closed","ping_status":"closed","template":"","meta":{"_acf_changed":false,"footnotes":""},"acf":[],"_links":{"self":[{"href":"https:\/\/adomena.com\/fr\/wp-json\/wp\/v2\/pages\/31339"}],"collection":[{"href":"https:\/\/adomena.com\/fr\/wp-json\/wp\/v2\/pages"}],"about":[{"href":"https:\/\/adomena.com\/fr\/wp-json\/wp\/v2\/types\/page"}],"author":[{"embeddable":true,"href":"https:\/\/adomena.com\/fr\/wp-json\/wp\/v2\/users\/1"}],"replies":[{"embeddable":true,"href":"https:\/\/adomena.com\/fr\/wp-json\/wp\/v2\/comments?post=31339"}],"version-history":[{"count":41,"href":"https:\/\/adomena.com\/fr\/wp-json\/wp\/v2\/pages\/31339\/revisions"}],"predecessor-version":[{"id":32156,"href":"https:\/\/adomena.com\/fr\/wp-json\/wp\/v2\/pages\/31339\/revisions\/32156"}],"up":[{"embeddable":true,"href":"https:\/\/adomena.com\/fr\/wp-json\/wp\/v2\/pages\/27408"}],"wp:attachment":[{"href":"https:\/\/adomena.com\/fr\/wp-json\/wp\/v2\/media?parent=31339"}],"curies":[{"name":"wp","href":"https:\/\/api.w.org\/{rel}","templated":true}]}}